{"id":154,"date":"2024-01-02T16:58:01","date_gmt":"2024-01-02T08:58:01","guid":{"rendered":"http:\/\/xjgjwp123.com\/about-us-14\/"},"modified":"2025-10-13T16:48:29","modified_gmt":"2025-10-13T08:48:29","slug":"solutions-home","status":"publish","type":"page","link":"https:\/\/www.sihoo.com\/en\/tr\/solutions\/solutions-home\/","title":{"rendered":"Solutions &#8211; Home"},"content":{"rendered":"","protected":false},"excerpt":{"rendered":"","protected":false},"author":1,"featured_media":1229,"parent":254,"menu_order":15,"comment_status":"open","ping_status":"closed","template":"","meta":{"_monsterinsights_skip_tracking":false,"_monsterinsights_sitenote_active":false,"_monsterinsights_sitenote_note":"","_monsterinsights_sitenote_category":0,"footnotes":""},"class_list":["post-154","page","type-page","status-publish","has-post-thumbnail","hentry"],"acf":[],"yoast_head":"<!-- This site is optimized with the Yoast SEO plugin v25.9 - https:\/\/yoast.com\/wordpress\/plugins\/seo\/ -->\n<title>Best Home Office Chair | Ergonomic Chair for Home \u2013 SIHOO<\/title>\n<meta name=\"description\" content=\"Create your ideal home workspace with Sihoo ergonomic chairs. Designed for comfort, productivity, and style, our home office chairs support every task and idea.\" \/>\n<meta name=\"robots\" content=\"index, follow, max-snippet:-1, max-image-preview:large, max-video-preview:-1\" \/>\n<link rel=\"canonical\" href=\"https:\/\/www.sihoo.com\/en\/tr\/solutions\/solutions-home\/\" \/>\n<meta property=\"og:locale\" content=\"tr_TR\" \/>\n<meta property=\"og:type\" content=\"article\" \/>\n<meta property=\"og:title\" content=\"Best Home Office Chair | Ergonomic Chair for Home \u2013 SIHOO\" \/>\n<meta property=\"og:description\" content=\"Create your ideal home workspace with Sihoo ergonomic chairs. Designed for comfort, productivity, and style, our home office chairs support every task and idea.\" \/>\n<meta property=\"og:url\" content=\"https:\/\/www.sihoo.com\/en\/tr\/solutions\/solutions-home\/\" \/>\n<meta property=\"og:site_name\" content=\"Sihoo-Focus on office and home ergonomic furniture\/ chair solution\" \/>\n<meta property=\"article:modified_time\" content=\"2025-10-13T08:48:29+00:00\" \/>\n<meta property=\"og:image\" content=\"https:\/\/www.sihoo.com\/en\/wp-content\/uploads\/2024\/04\/solutions-gaming-576x1024-1.webp\" \/>\n\t<meta property=\"og:image:width\" content=\"576\" \/>\n\t<meta property=\"og:image:height\" content=\"1024\" \/>\n\t<meta property=\"og:image:type\" content=\"image\/webp\" \/>\n<meta name=\"twitter:card\" content=\"summary_large_image\" \/>\n<meta name=\"twitter:label1\" content=\"Tahmini okuma s\u00fcresi\" \/>\n\t<meta name=\"twitter:data1\" content=\"1 dakika\" \/>\n<script type=\"application\/ld+json\" class=\"yoast-schema-graph\">{\"@context\":\"https:\/\/schema.org\",\"@graph\":[{\"@type\":\"WebPage\",\"@id\":\"https:\/\/www.sihoo.com\/en\/solutions\/solutions-home\/\",\"url\":\"https:\/\/www.sihoo.com\/en\/solutions\/solutions-home\/\",\"name\":\"Best Home Office Chair | Ergonomic Chair for Home \u2013 SIHOO\",\"isPartOf\":{\"@id\":\"https:\/\/www.sihoo.com\/en\/#website\"},\"primaryImageOfPage\":{\"@id\":\"https:\/\/www.sihoo.com\/en\/solutions\/solutions-home\/#primaryimage\"},\"image\":{\"@id\":\"https:\/\/www.sihoo.com\/en\/solutions\/solutions-home\/#primaryimage\"},\"thumbnailUrl\":\"https:\/\/www.sihoo.com\/en\/wp-content\/uploads\/2024\/04\/solutions-gaming-576x1024-1.webp\",\"datePublished\":\"2024-01-02T08:58:01+00:00\",\"dateModified\":\"2025-10-13T08:48:29+00:00\",\"description\":\"Create your ideal home workspace with Sihoo ergonomic chairs. Designed for comfort, productivity, and style, our home office chairs support every task and idea.\",\"breadcrumb\":{\"@id\":\"https:\/\/www.sihoo.com\/en\/solutions\/solutions-home\/#breadcrumb\"},\"inLanguage\":\"tr\",\"potentialAction\":[{\"@type\":\"ReadAction\",\"target\":[\"https:\/\/www.sihoo.com\/en\/solutions\/solutions-home\/\"]}]},{\"@type\":\"ImageObject\",\"inLanguage\":\"tr\",\"@id\":\"https:\/\/www.sihoo.com\/en\/solutions\/solutions-home\/#primaryimage\",\"url\":\"https:\/\/www.sihoo.com\/en\/wp-content\/uploads\/2024\/04\/solutions-gaming-576x1024-1.webp\",\"contentUrl\":\"https:\/\/www.sihoo.com\/en\/wp-content\/uploads\/2024\/04\/solutions-gaming-576x1024-1.webp\",\"width\":576,\"height\":1024},{\"@type\":\"BreadcrumbList\",\"@id\":\"https:\/\/www.sihoo.com\/en\/solutions\/solutions-home\/#breadcrumb\",\"itemListElement\":[{\"@type\":\"ListItem\",\"position\":1,\"name\":\"Solutions\",\"item\":\"https:\/\/www.sihoo.com\/en\/solutions\/\"},{\"@type\":\"ListItem\",\"position\":2,\"name\":\"Solutions &#8211; Home\"}]},{\"@type\":\"WebSite\",\"@id\":\"https:\/\/www.sihoo.com\/en\/#website\",\"url\":\"https:\/\/www.sihoo.com\/en\/\",\"name\":\"Sihoo-Focus on office and home ergonomic furniture\/ chair solution\",\"description\":\"Sihoo is a leading professional manufacturer of ergonomic furniture with certificated research institute and advanced DesignLab. We partner with our clients to help improve people&#039;s lives and health through meaningful innovation in the areas of office and home ergonomic  furniture\",\"potentialAction\":[{\"@type\":\"SearchAction\",\"target\":{\"@type\":\"EntryPoint\",\"urlTemplate\":\"https:\/\/www.sihoo.com\/en\/?s={search_term_string}\"},\"query-input\":{\"@type\":\"PropertyValueSpecification\",\"valueRequired\":true,\"valueName\":\"search_term_string\"}}],\"inLanguage\":\"tr\"}]}<\/script>\n<!-- \/ Yoast SEO plugin. -->","yoast_head_json":{"title":"Best Home Office Chair | Ergonomic Chair for Home \u2013 SIHOO","description":"Create your ideal home workspace with Sihoo ergonomic chairs. Designed for comfort, productivity, and style, our home office chairs support every task and idea.","robots":{"index":"index","follow":"follow","max-snippet":"max-snippet:-1","max-image-preview":"max-image-preview:large","max-video-preview":"max-video-preview:-1"},"canonical":"https:\/\/www.sihoo.com\/en\/tr\/solutions\/solutions-home\/","og_locale":"tr_TR","og_type":"article","og_title":"Best Home Office Chair | Ergonomic Chair for Home \u2013 SIHOO","og_description":"Create your ideal home workspace with Sihoo ergonomic chairs. Designed for comfort, productivity, and style, our home office chairs support every task and idea.","og_url":"https:\/\/www.sihoo.com\/en\/tr\/solutions\/solutions-home\/","og_site_name":"Sihoo-Focus on office and home ergonomic furniture\/ chair solution","article_modified_time":"2025-10-13T08:48:29+00:00","og_image":[{"width":576,"height":1024,"url":"https:\/\/www.sihoo.com\/en\/wp-content\/uploads\/2024\/04\/solutions-gaming-576x1024-1.webp","type":"image\/webp"}],"twitter_card":"summary_large_image","twitter_misc":{"Tahmini okuma s\u00fcresi":"1 dakika"},"schema":{"@context":"https:\/\/schema.org","@graph":[{"@type":"WebPage","@id":"https:\/\/www.sihoo.com\/en\/solutions\/solutions-home\/","url":"https:\/\/www.sihoo.com\/en\/solutions\/solutions-home\/","name":"Best Home Office Chair | Ergonomic Chair for Home \u2013 SIHOO","isPartOf":{"@id":"https:\/\/www.sihoo.com\/en\/#website"},"primaryImageOfPage":{"@id":"https:\/\/www.sihoo.com\/en\/solutions\/solutions-home\/#primaryimage"},"image":{"@id":"https:\/\/www.sihoo.com\/en\/solutions\/solutions-home\/#primaryimage"},"thumbnailUrl":"https:\/\/www.sihoo.com\/en\/wp-content\/uploads\/2024\/04\/solutions-gaming-576x1024-1.webp","datePublished":"2024-01-02T08:58:01+00:00","dateModified":"2025-10-13T08:48:29+00:00","description":"Create your ideal home workspace with Sihoo ergonomic chairs. Designed for comfort, productivity, and style, our home office chairs support every task and idea.","breadcrumb":{"@id":"https:\/\/www.sihoo.com\/en\/solutions\/solutions-home\/#breadcrumb"},"inLanguage":"tr","potentialAction":[{"@type":"ReadAction","target":["https:\/\/www.sihoo.com\/en\/solutions\/solutions-home\/"]}]},{"@type":"ImageObject","inLanguage":"tr","@id":"https:\/\/www.sihoo.com\/en\/solutions\/solutions-home\/#primaryimage","url":"https:\/\/www.sihoo.com\/en\/wp-content\/uploads\/2024\/04\/solutions-gaming-576x1024-1.webp","contentUrl":"https:\/\/www.sihoo.com\/en\/wp-content\/uploads\/2024\/04\/solutions-gaming-576x1024-1.webp","width":576,"height":1024},{"@type":"BreadcrumbList","@id":"https:\/\/www.sihoo.com\/en\/solutions\/solutions-home\/#breadcrumb","itemListElement":[{"@type":"ListItem","position":1,"name":"Solutions","item":"https:\/\/www.sihoo.com\/en\/solutions\/"},{"@type":"ListItem","position":2,"name":"Solutions &#8211; Home"}]},{"@type":"WebSite","@id":"https:\/\/www.sihoo.com\/en\/#website","url":"https:\/\/www.sihoo.com\/en\/","name":"Sihoo - Ofis ve ev ergonomik mobilya \/ sandalye \u00e7\u00f6z\u00fcm\u00fcne odaklan\u0131n","description":"Sihoo, sertifikal\u0131 ara\u015ft\u0131rma enstit\u00fcs\u00fc ve geli\u015fmi\u015f DesignLab ile ergonomik mobilyalar\u0131n \u00f6nde gelen profesyonel \u00fcreticisidir. Ofis ve ev ergonomik mobilya alanlar\u0131nda anlaml\u0131 yeniliklerle insanlar\u0131n ya\u015famlar\u0131n\u0131 ve sa\u011fl\u0131klar\u0131n\u0131 iyile\u015ftirmeye yard\u0131mc\u0131 olmak i\u00e7in m\u00fc\u015fterilerimizle ortakl\u0131k kuruyoruz.","potentialAction":[{"@type":"SearchAction","target":{"@type":"EntryPoint","urlTemplate":"https:\/\/www.sihoo.com\/en\/?s={search_term_string}"},"query-input":{"@type":"PropertyValueSpecification","valueRequired":true,"valueName":"search_term_string"}}],"inLanguage":"tr"}]}},"_links":{"self":[{"href":"https:\/\/www.sihoo.com\/en\/tr\/wp-json\/wp\/v2\/pages\/154","targetHints":{"allow":["GET"]}}],"collection":[{"href":"https:\/\/www.sihoo.com\/en\/tr\/wp-json\/wp\/v2\/pages"}],"about":[{"href":"https:\/\/www.sihoo.com\/en\/tr\/wp-json\/wp\/v2\/types\/page"}],"author":[{"embeddable":true,"href":"https:\/\/www.sihoo.com\/en\/tr\/wp-json\/wp\/v2\/users\/1"}],"replies":[{"embeddable":true,"href":"https:\/\/www.sihoo.com\/en\/tr\/wp-json\/wp\/v2\/comments?post=154"}],"version-history":[{"count":4,"href":"https:\/\/www.sihoo.com\/en\/tr\/wp-json\/wp\/v2\/pages\/154\/revisions"}],"predecessor-version":[{"id":3481,"href":"https:\/\/www.sihoo.com\/en\/tr\/wp-json\/wp\/v2\/pages\/154\/revisions\/3481"}],"up":[{"embeddable":true,"href":"https:\/\/www.sihoo.com\/en\/tr\/wp-json\/wp\/v2\/pages\/254"}],"wp:featuredmedia":[{"embeddable":true,"href":"https:\/\/www.sihoo.com\/en\/tr\/wp-json\/wp\/v2\/media\/1229"}],"wp:attachment":[{"href":"https:\/\/www.sihoo.com\/en\/tr\/wp-json\/wp\/v2\/media?parent=154"}],"curies":[{"name":"wp","href":"https:\/\/api.w.org\/{rel}","templated":true}]}}