{"id":149,"date":"2024-01-02T16:58:01","date_gmt":"2024-01-02T08:58:01","guid":{"rendered":"http:\/\/xjgjwp123.com\/about-us-9\/"},"modified":"2026-01-09T14:13:10","modified_gmt":"2026-01-09T06:13:10","slug":"hakkimizda","status":"publish","type":"page","link":"https:\/\/www.sihoo.com\/en\/tr\/neden-sihoo\/hakkimizda\/","title":{"rendered":"Hakk\u0131m\u0131zda"},"content":{"rendered":"","protected":false},"excerpt":{"rendered":"","protected":false},"author":1,"featured_media":0,"parent":260,"menu_order":3,"comment_status":"closed","ping_status":"closed","template":"","meta":{"_monsterinsights_skip_tracking":false,"_monsterinsights_sitenote_active":false,"_monsterinsights_sitenote_note":"","_monsterinsights_sitenote_category":0,"footnotes":""},"class_list":["post-149","page","type-page","status-publish","hentry"],"acf":[],"yoast_head":"<!-- This site is optimized with the Yoast SEO plugin v25.9 - https:\/\/yoast.com\/wordpress\/plugins\/seo\/ -->\n<title>Home Office Furniture-Office Chair Supplier &amp; Manufacturer-SIHOO<\/title>\n<meta name=\"description\" content=\"Sihoo was founded by a team of expert furniture engineers. We inaugurated our first ergonomics office chair wholesale-office chair supplier\" \/>\n<meta name=\"robots\" content=\"index, follow, max-snippet:-1, max-image-preview:large, max-video-preview:-1\" \/>\n<link rel=\"canonical\" href=\"https:\/\/www.sihoo.com\/en\/tr\/neden-sihoo\/hakkimizda\/\" \/>\n<meta property=\"og:locale\" content=\"tr_TR\" \/>\n<meta property=\"og:type\" content=\"article\" \/>\n<meta property=\"og:title\" content=\"Home Office Furniture-Office Chair Supplier &amp; Manufacturer-SIHOO\" \/>\n<meta property=\"og:description\" content=\"Sihoo was founded by a team of expert furniture engineers. We inaugurated our first ergonomics office chair wholesale-office chair supplier\" \/>\n<meta property=\"og:url\" content=\"https:\/\/www.sihoo.com\/en\/tr\/neden-sihoo\/hakkimizda\/\" \/>\n<meta property=\"og:site_name\" content=\"Sihoo-Focus on office and home ergonomic furniture\/ chair solution\" \/>\n<meta property=\"article:modified_time\" content=\"2026-01-09T06:13:10+00:00\" \/>\n<meta name=\"twitter:card\" content=\"summary_large_image\" \/>\n<script type=\"application\/ld+json\" class=\"yoast-schema-graph\">{\"@context\":\"https:\/\/schema.org\",\"@graph\":[{\"@type\":\"WebPage\",\"@id\":\"https:\/\/www.sihoo.com\/en\/why-sihoo\/about-us\/\",\"url\":\"https:\/\/www.sihoo.com\/en\/why-sihoo\/about-us\/\",\"name\":\"Home Office Furniture-Office Chair Supplier & Manufacturer-SIHOO\",\"isPartOf\":{\"@id\":\"https:\/\/www.sihoo.com\/en\/#website\"},\"datePublished\":\"2024-01-02T08:58:01+00:00\",\"dateModified\":\"2026-01-09T06:13:10+00:00\",\"description\":\"Sihoo was founded by a team of expert furniture engineers. We inaugurated our first ergonomics office chair wholesale-office chair supplier\",\"breadcrumb\":{\"@id\":\"https:\/\/www.sihoo.com\/en\/why-sihoo\/about-us\/#breadcrumb\"},\"inLanguage\":\"tr\",\"potentialAction\":[{\"@type\":\"ReadAction\",\"target\":[\"https:\/\/www.sihoo.com\/en\/why-sihoo\/about-us\/\"]}]},{\"@type\":\"BreadcrumbList\",\"@id\":\"https:\/\/www.sihoo.com\/en\/why-sihoo\/about-us\/#breadcrumb\",\"itemListElement\":[{\"@type\":\"ListItem\",\"position\":1,\"name\":\"Why Sihoo\",\"item\":\"https:\/\/www.sihoo.com\/en\/why-sihoo\/\"},{\"@type\":\"ListItem\",\"position\":2,\"name\":\"About Us\"}]},{\"@type\":\"WebSite\",\"@id\":\"https:\/\/www.sihoo.com\/en\/#website\",\"url\":\"https:\/\/www.sihoo.com\/en\/\",\"name\":\"Sihoo-Focus on office and home ergonomic furniture\/ chair solution\",\"description\":\"Sihoo is a leading professional manufacturer of ergonomic furniture with certificated research institute and advanced DesignLab. We partner with our clients to help improve people&#039;s lives and health through meaningful innovation in the areas of office and home ergonomic  furniture\",\"potentialAction\":[{\"@type\":\"SearchAction\",\"target\":{\"@type\":\"EntryPoint\",\"urlTemplate\":\"https:\/\/www.sihoo.com\/en\/?s={search_term_string}\"},\"query-input\":{\"@type\":\"PropertyValueSpecification\",\"valueRequired\":true,\"valueName\":\"search_term_string\"}}],\"inLanguage\":\"tr\"}]}<\/script>\n<!-- \/ Yoast SEO plugin. -->","yoast_head_json":{"title":"Home Office Furniture-Office Chair Supplier & Manufacturer-SIHOO","description":"Sihoo was founded by a team of expert furniture engineers. We inaugurated our first ergonomics office chair wholesale-office chair supplier","robots":{"index":"index","follow":"follow","max-snippet":"max-snippet:-1","max-image-preview":"max-image-preview:large","max-video-preview":"max-video-preview:-1"},"canonical":"https:\/\/www.sihoo.com\/en\/tr\/neden-sihoo\/hakkimizda\/","og_locale":"tr_TR","og_type":"article","og_title":"Home Office Furniture-Office Chair Supplier & Manufacturer-SIHOO","og_description":"Sihoo was founded by a team of expert furniture engineers. We inaugurated our first ergonomics office chair wholesale-office chair supplier","og_url":"https:\/\/www.sihoo.com\/en\/tr\/neden-sihoo\/hakkimizda\/","og_site_name":"Sihoo-Focus on office and home ergonomic furniture\/ chair solution","article_modified_time":"2026-01-09T06:13:10+00:00","twitter_card":"summary_large_image","schema":{"@context":"https:\/\/schema.org","@graph":[{"@type":"WebPage","@id":"https:\/\/www.sihoo.com\/en\/why-sihoo\/about-us\/","url":"https:\/\/www.sihoo.com\/en\/why-sihoo\/about-us\/","name":"Home Office Furniture-Office Chair Supplier & Manufacturer-SIHOO","isPartOf":{"@id":"https:\/\/www.sihoo.com\/en\/#website"},"datePublished":"2024-01-02T08:58:01+00:00","dateModified":"2026-01-09T06:13:10+00:00","description":"Sihoo was founded by a team of expert furniture engineers. We inaugurated our first ergonomics office chair wholesale-office chair supplier","breadcrumb":{"@id":"https:\/\/www.sihoo.com\/en\/why-sihoo\/about-us\/#breadcrumb"},"inLanguage":"tr","potentialAction":[{"@type":"ReadAction","target":["https:\/\/www.sihoo.com\/en\/why-sihoo\/about-us\/"]}]},{"@type":"BreadcrumbList","@id":"https:\/\/www.sihoo.com\/en\/why-sihoo\/about-us\/#breadcrumb","itemListElement":[{"@type":"ListItem","position":1,"name":"Why Sihoo","item":"https:\/\/www.sihoo.com\/en\/why-sihoo\/"},{"@type":"ListItem","position":2,"name":"About Us"}]},{"@type":"WebSite","@id":"https:\/\/www.sihoo.com\/en\/#website","url":"https:\/\/www.sihoo.com\/en\/","name":"Sihoo - Ofis ve ev ergonomik mobilya \/ sandalye \u00e7\u00f6z\u00fcm\u00fcne odaklan\u0131n","description":"Sihoo, sertifikal\u0131 ara\u015ft\u0131rma enstit\u00fcs\u00fc ve geli\u015fmi\u015f DesignLab ile ergonomik mobilyalar\u0131n \u00f6nde gelen profesyonel \u00fcreticisidir. Ofis ve ev ergonomik mobilya alanlar\u0131nda anlaml\u0131 yeniliklerle insanlar\u0131n ya\u015famlar\u0131n\u0131 ve sa\u011fl\u0131klar\u0131n\u0131 iyile\u015ftirmeye yard\u0131mc\u0131 olmak i\u00e7in m\u00fc\u015fterilerimizle ortakl\u0131k kuruyoruz.","potentialAction":[{"@type":"SearchAction","target":{"@type":"EntryPoint","urlTemplate":"https:\/\/www.sihoo.com\/en\/?s={search_term_string}"},"query-input":{"@type":"PropertyValueSpecification","valueRequired":true,"valueName":"search_term_string"}}],"inLanguage":"tr"}]}},"_links":{"self":[{"href":"https:\/\/www.sihoo.com\/en\/tr\/wp-json\/wp\/v2\/pages\/149","targetHints":{"allow":["GET"]}}],"collection":[{"href":"https:\/\/www.sihoo.com\/en\/tr\/wp-json\/wp\/v2\/pages"}],"about":[{"href":"https:\/\/www.sihoo.com\/en\/tr\/wp-json\/wp\/v2\/types\/page"}],"author":[{"embeddable":true,"href":"https:\/\/www.sihoo.com\/en\/tr\/wp-json\/wp\/v2\/users\/1"}],"replies":[{"embeddable":true,"href":"https:\/\/www.sihoo.com\/en\/tr\/wp-json\/wp\/v2\/comments?post=149"}],"version-history":[{"count":5,"href":"https:\/\/www.sihoo.com\/en\/tr\/wp-json\/wp\/v2\/pages\/149\/revisions"}],"predecessor-version":[{"id":3777,"href":"https:\/\/www.sihoo.com\/en\/tr\/wp-json\/wp\/v2\/pages\/149\/revisions\/3777"}],"up":[{"embeddable":true,"href":"https:\/\/www.sihoo.com\/en\/tr\/wp-json\/wp\/v2\/pages\/260"}],"wp:attachment":[{"href":"https:\/\/www.sihoo.com\/en\/tr\/wp-json\/wp\/v2\/media?parent=149"}],"curies":[{"name":"wp","href":"https:\/\/api.w.org\/{rel}","templated":true}]}}