{"id":144,"date":"2024-01-02T16:58:01","date_gmt":"2024-01-02T08:58:01","guid":{"rendered":"http:\/\/xjgjwp123.com\/about-us-4\/"},"modified":"2024-12-12T20:20:05","modified_gmt":"2024-12-12T12:20:05","slug":"sitting-sense-technology","status":"publish","type":"page","link":"https:\/\/www.sihoo.com\/en\/tr\/core-technologies\/sitting-sense-technology\/","title":{"rendered":"Sitting Sense Teknolojisi"},"content":{"rendered":"","protected":false},"excerpt":{"rendered":"","protected":false},"author":1,"featured_media":0,"parent":256,"menu_order":11,"comment_status":"closed","ping_status":"closed","template":"","meta":{"_monsterinsights_skip_tracking":false,"_monsterinsights_sitenote_active":false,"_monsterinsights_sitenote_note":"","_monsterinsights_sitenote_category":0,"footnotes":""},"class_list":["post-144","page","type-page","status-publish","hentry"],"acf":[],"yoast_head":"<!-- This site is optimized with the Yoast SEO plugin v25.9 - https:\/\/yoast.com\/wordpress\/plugins\/seo\/ -->\n<title>Sitting Sense Technology- comfy computer chair-computer chair<\/title>\n<meta name=\"description\" content=\"Sitting technology focuses on enhancing comfort and well-being through innovative solutions. comfy computer chair\" \/>\n<meta name=\"robots\" content=\"index, follow, max-snippet:-1, max-image-preview:large, max-video-preview:-1\" \/>\n<link rel=\"canonical\" href=\"https:\/\/www.sihoo.com\/en\/tr\/core-technologies\/sitting-sense-technology\/\" \/>\n<meta property=\"og:locale\" content=\"tr_TR\" \/>\n<meta property=\"og:type\" content=\"article\" \/>\n<meta property=\"og:title\" content=\"Sitting Sense Technology- comfy computer chair-computer chair\" \/>\n<meta property=\"og:description\" content=\"Sitting technology focuses on enhancing comfort and well-being through innovative solutions. comfy computer chair\" \/>\n<meta property=\"og:url\" content=\"https:\/\/www.sihoo.com\/en\/tr\/core-technologies\/sitting-sense-technology\/\" \/>\n<meta property=\"og:site_name\" content=\"Sihoo-Focus on office and home ergonomic furniture\/ chair solution\" \/>\n<meta property=\"article:modified_time\" content=\"2024-12-12T12:20:05+00:00\" \/>\n<meta name=\"twitter:card\" content=\"summary_large_image\" \/>\n<script type=\"application\/ld+json\" class=\"yoast-schema-graph\">{\"@context\":\"https:\/\/schema.org\",\"@graph\":[{\"@type\":\"WebPage\",\"@id\":\"https:\/\/www.sihoo.com\/en\/core-technologies\/sitting-sense-technology\/\",\"url\":\"https:\/\/www.sihoo.com\/en\/core-technologies\/sitting-sense-technology\/\",\"name\":\"Sitting Sense Technology- comfy computer chair-computer chair\",\"isPartOf\":{\"@id\":\"https:\/\/www.sihoo.com\/en\/#website\"},\"datePublished\":\"2024-01-02T08:58:01+00:00\",\"dateModified\":\"2024-12-12T12:20:05+00:00\",\"description\":\"Sitting technology focuses on enhancing comfort and well-being through innovative solutions. comfy computer chair\",\"breadcrumb\":{\"@id\":\"https:\/\/www.sihoo.com\/en\/core-technologies\/sitting-sense-technology\/#breadcrumb\"},\"inLanguage\":\"tr\",\"potentialAction\":[{\"@type\":\"ReadAction\",\"target\":[\"https:\/\/www.sihoo.com\/en\/core-technologies\/sitting-sense-technology\/\"]}]},{\"@type\":\"BreadcrumbList\",\"@id\":\"https:\/\/www.sihoo.com\/en\/core-technologies\/sitting-sense-technology\/#breadcrumb\",\"itemListElement\":[{\"@type\":\"ListItem\",\"position\":1,\"name\":\"Core Technologies\",\"item\":\"https:\/\/www.sihoo.com\/en\/core-technologies\/\"},{\"@type\":\"ListItem\",\"position\":2,\"name\":\"Sitting Sense Technology\"}]},{\"@type\":\"WebSite\",\"@id\":\"https:\/\/www.sihoo.com\/en\/#website\",\"url\":\"https:\/\/www.sihoo.com\/en\/\",\"name\":\"Sihoo-Focus on office and home ergonomic furniture\/ chair solution\",\"description\":\"Sihoo is a leading professional manufacturer of ergonomic furniture with certificated research institute and advanced DesignLab. We partner with our clients to help improve people&#039;s lives and health through meaningful innovation in the areas of office and home ergonomic  furniture\",\"potentialAction\":[{\"@type\":\"SearchAction\",\"target\":{\"@type\":\"EntryPoint\",\"urlTemplate\":\"https:\/\/www.sihoo.com\/en\/?s={search_term_string}\"},\"query-input\":{\"@type\":\"PropertyValueSpecification\",\"valueRequired\":true,\"valueName\":\"search_term_string\"}}],\"inLanguage\":\"tr\"}]}<\/script>\n<!-- \/ Yoast SEO plugin. -->","yoast_head_json":{"title":"Sitting Sense Technology- comfy computer chair-computer chair","description":"Sitting technology focuses on enhancing comfort and well-being through innovative solutions. comfy computer chair","robots":{"index":"index","follow":"follow","max-snippet":"max-snippet:-1","max-image-preview":"max-image-preview:large","max-video-preview":"max-video-preview:-1"},"canonical":"https:\/\/www.sihoo.com\/en\/tr\/core-technologies\/sitting-sense-technology\/","og_locale":"tr_TR","og_type":"article","og_title":"Sitting Sense Technology- comfy computer chair-computer chair","og_description":"Sitting technology focuses on enhancing comfort and well-being through innovative solutions. comfy computer chair","og_url":"https:\/\/www.sihoo.com\/en\/tr\/core-technologies\/sitting-sense-technology\/","og_site_name":"Sihoo-Focus on office and home ergonomic furniture\/ chair solution","article_modified_time":"2024-12-12T12:20:05+00:00","twitter_card":"summary_large_image","schema":{"@context":"https:\/\/schema.org","@graph":[{"@type":"WebPage","@id":"https:\/\/www.sihoo.com\/en\/core-technologies\/sitting-sense-technology\/","url":"https:\/\/www.sihoo.com\/en\/core-technologies\/sitting-sense-technology\/","name":"Sitting Sense Technology- comfy computer chair-computer chair","isPartOf":{"@id":"https:\/\/www.sihoo.com\/en\/#website"},"datePublished":"2024-01-02T08:58:01+00:00","dateModified":"2024-12-12T12:20:05+00:00","description":"Sitting technology focuses on enhancing comfort and well-being through innovative solutions. comfy computer chair","breadcrumb":{"@id":"https:\/\/www.sihoo.com\/en\/core-technologies\/sitting-sense-technology\/#breadcrumb"},"inLanguage":"tr","potentialAction":[{"@type":"ReadAction","target":["https:\/\/www.sihoo.com\/en\/core-technologies\/sitting-sense-technology\/"]}]},{"@type":"BreadcrumbList","@id":"https:\/\/www.sihoo.com\/en\/core-technologies\/sitting-sense-technology\/#breadcrumb","itemListElement":[{"@type":"ListItem","position":1,"name":"Core Technologies","item":"https:\/\/www.sihoo.com\/en\/core-technologies\/"},{"@type":"ListItem","position":2,"name":"Sitting Sense Technology"}]},{"@type":"WebSite","@id":"https:\/\/www.sihoo.com\/en\/#website","url":"https:\/\/www.sihoo.com\/en\/","name":"Sihoo - Ofis ve ev ergonomik mobilya \/ sandalye \u00e7\u00f6z\u00fcm\u00fcne odaklan\u0131n","description":"Sihoo, sertifikal\u0131 ara\u015ft\u0131rma enstit\u00fcs\u00fc ve geli\u015fmi\u015f DesignLab ile ergonomik mobilyalar\u0131n \u00f6nde gelen profesyonel \u00fcreticisidir. Ofis ve ev ergonomik mobilya alanlar\u0131nda anlaml\u0131 yeniliklerle insanlar\u0131n ya\u015famlar\u0131n\u0131 ve sa\u011fl\u0131klar\u0131n\u0131 iyile\u015ftirmeye yard\u0131mc\u0131 olmak i\u00e7in m\u00fc\u015fterilerimizle ortakl\u0131k kuruyoruz.","potentialAction":[{"@type":"SearchAction","target":{"@type":"EntryPoint","urlTemplate":"https:\/\/www.sihoo.com\/en\/?s={search_term_string}"},"query-input":{"@type":"PropertyValueSpecification","valueRequired":true,"valueName":"search_term_string"}}],"inLanguage":"tr"}]}},"_links":{"self":[{"href":"https:\/\/www.sihoo.com\/en\/tr\/wp-json\/wp\/v2\/pages\/144","targetHints":{"allow":["GET"]}}],"collection":[{"href":"https:\/\/www.sihoo.com\/en\/tr\/wp-json\/wp\/v2\/pages"}],"about":[{"href":"https:\/\/www.sihoo.com\/en\/tr\/wp-json\/wp\/v2\/types\/page"}],"author":[{"embeddable":true,"href":"https:\/\/www.sihoo.com\/en\/tr\/wp-json\/wp\/v2\/users\/1"}],"replies":[{"embeddable":true,"href":"https:\/\/www.sihoo.com\/en\/tr\/wp-json\/wp\/v2\/comments?post=144"}],"version-history":[{"count":4,"href":"https:\/\/www.sihoo.com\/en\/tr\/wp-json\/wp\/v2\/pages\/144\/revisions"}],"predecessor-version":[{"id":3480,"href":"https:\/\/www.sihoo.com\/en\/tr\/wp-json\/wp\/v2\/pages\/144\/revisions\/3480"}],"up":[{"embeddable":true,"href":"https:\/\/www.sihoo.com\/en\/tr\/wp-json\/wp\/v2\/pages\/256"}],"wp:attachment":[{"href":"https:\/\/www.sihoo.com\/en\/tr\/wp-json\/wp\/v2\/media?parent=144"}],"curies":[{"name":"wp","href":"https:\/\/api.w.org\/{rel}","templated":true}]}}