{"id":150,"date":"2024-01-02T16:58:01","date_gmt":"2024-01-02T08:58:01","guid":{"rendered":"http:\/\/xjgjwp123.com\/about-us-10\/"},"modified":"2025-10-15T15:34:34","modified_gmt":"2025-10-15T07:34:34","slug":"solutions-studio","status":"publish","type":"page","link":"https:\/\/www.sihoo.com\/en\/es_co\/solutions\/solutions-studio\/","title":{"rendered":"Solutions &#8211; Studio"},"content":{"rendered":"","protected":false},"excerpt":{"rendered":"","protected":false},"author":1,"featured_media":1230,"parent":254,"menu_order":20,"comment_status":"open","ping_status":"closed","template":"","meta":{"_monsterinsights_skip_tracking":false,"_monsterinsights_sitenote_active":false,"_monsterinsights_sitenote_note":"","_monsterinsights_sitenote_category":0,"footnotes":""},"class_list":["post-150","page","type-page","status-publish","has-post-thumbnail","hentry"],"acf":[],"yoast_head":"<!-- This site is optimized with the Yoast SEO plugin v25.9 - https:\/\/yoast.com\/wordpress\/plugins\/seo\/ -->\n<title>Best Executive Office Chair | Ergonomic Task Chair \u2013 SIHOO<\/title>\n<meta name=\"description\" content=\"Transform your art or design studio with SIHOO\u2019s ergonomic task chairs. Combining comfort, flexibility, and creative energy for every workspace.\" \/>\n<meta name=\"robots\" content=\"index, follow, max-snippet:-1, max-image-preview:large, max-video-preview:-1\" \/>\n<link rel=\"canonical\" href=\"https:\/\/www.sihoo.com\/en\/es_co\/solutions\/solutions-studio\/\" \/>\n<meta property=\"og:locale\" content=\"es_ES\" \/>\n<meta property=\"og:type\" content=\"article\" \/>\n<meta property=\"og:title\" content=\"Best Executive Office Chair | Ergonomic Task Chair \u2013 SIHOO\" \/>\n<meta property=\"og:description\" content=\"Transform your art or design studio with SIHOO\u2019s ergonomic task chairs. Combining comfort, flexibility, and creative energy for every workspace.\" \/>\n<meta property=\"og:url\" content=\"https:\/\/www.sihoo.com\/en\/es_co\/solutions\/solutions-studio\/\" \/>\n<meta property=\"og:site_name\" content=\"Sihoo-Focus on office and home ergonomic furniture\/ chair solution\" \/>\n<meta property=\"article:modified_time\" content=\"2025-10-15T07:34:34+00:00\" \/>\n<meta property=\"og:image\" content=\"https:\/\/www.sihoo.com\/en\/wp-content\/uploads\/2024\/04\/solutions-studio-759x1024-1.webp\" \/>\n\t<meta property=\"og:image:width\" content=\"759\" \/>\n\t<meta property=\"og:image:height\" content=\"1024\" \/>\n\t<meta property=\"og:image:type\" content=\"image\/webp\" \/>\n<meta name=\"twitter:card\" content=\"summary_large_image\" \/>\n<meta name=\"twitter:label1\" content=\"Tiempo de lectura\" \/>\n\t<meta name=\"twitter:data1\" content=\"1 minuto\" \/>\n<script type=\"application\/ld+json\" class=\"yoast-schema-graph\">{\"@context\":\"https:\/\/schema.org\",\"@graph\":[{\"@type\":\"WebPage\",\"@id\":\"https:\/\/www.sihoo.com\/en\/solutions\/solutions-studio\/\",\"url\":\"https:\/\/www.sihoo.com\/en\/solutions\/solutions-studio\/\",\"name\":\"Best Executive Office Chair | Ergonomic Task Chair \u2013 SIHOO\",\"isPartOf\":{\"@id\":\"https:\/\/www.sihoo.com\/en\/#website\"},\"primaryImageOfPage\":{\"@id\":\"https:\/\/www.sihoo.com\/en\/solutions\/solutions-studio\/#primaryimage\"},\"image\":{\"@id\":\"https:\/\/www.sihoo.com\/en\/solutions\/solutions-studio\/#primaryimage\"},\"thumbnailUrl\":\"https:\/\/www.sihoo.com\/en\/wp-content\/uploads\/2024\/04\/solutions-studio-759x1024-1.webp\",\"datePublished\":\"2024-01-02T08:58:01+00:00\",\"dateModified\":\"2025-10-15T07:34:34+00:00\",\"description\":\"Transform your art or design studio with SIHOO\u2019s ergonomic task chairs. Combining comfort, flexibility, and creative energy for every workspace.\",\"breadcrumb\":{\"@id\":\"https:\/\/www.sihoo.com\/en\/solutions\/solutions-studio\/#breadcrumb\"},\"inLanguage\":\"es-CO\",\"potentialAction\":[{\"@type\":\"ReadAction\",\"target\":[\"https:\/\/www.sihoo.com\/en\/solutions\/solutions-studio\/\"]}]},{\"@type\":\"ImageObject\",\"inLanguage\":\"es-CO\",\"@id\":\"https:\/\/www.sihoo.com\/en\/solutions\/solutions-studio\/#primaryimage\",\"url\":\"https:\/\/www.sihoo.com\/en\/wp-content\/uploads\/2024\/04\/solutions-studio-759x1024-1.webp\",\"contentUrl\":\"https:\/\/www.sihoo.com\/en\/wp-content\/uploads\/2024\/04\/solutions-studio-759x1024-1.webp\",\"width\":759,\"height\":1024},{\"@type\":\"BreadcrumbList\",\"@id\":\"https:\/\/www.sihoo.com\/en\/solutions\/solutions-studio\/#breadcrumb\",\"itemListElement\":[{\"@type\":\"ListItem\",\"position\":1,\"name\":\"Solutions\",\"item\":\"https:\/\/www.sihoo.com\/en\/solutions\/\"},{\"@type\":\"ListItem\",\"position\":2,\"name\":\"Solutions &#8211; Studio\"}]},{\"@type\":\"WebSite\",\"@id\":\"https:\/\/www.sihoo.com\/en\/#website\",\"url\":\"https:\/\/www.sihoo.com\/en\/\",\"name\":\"Sihoo-Focus on office and home ergonomic furniture\/ chair solution\",\"description\":\"Sihoo is a leading professional manufacturer of ergonomic furniture with certificated research institute and advanced DesignLab. We partner with our clients to help improve people&#039;s lives and health through meaningful innovation in the areas of office and home ergonomic  furniture\",\"potentialAction\":[{\"@type\":\"SearchAction\",\"target\":{\"@type\":\"EntryPoint\",\"urlTemplate\":\"https:\/\/www.sihoo.com\/en\/?s={search_term_string}\"},\"query-input\":{\"@type\":\"PropertyValueSpecification\",\"valueRequired\":true,\"valueName\":\"search_term_string\"}}],\"inLanguage\":\"es-CO\"}]}<\/script>\n<!-- \/ Yoast SEO plugin. -->","yoast_head_json":{"title":"Best Executive Office Chair | Ergonomic Task Chair \u2013 SIHOO","description":"Transform your art or design studio with SIHOO\u2019s ergonomic task chairs. Combining comfort, flexibility, and creative energy for every workspace.","robots":{"index":"index","follow":"follow","max-snippet":"max-snippet:-1","max-image-preview":"max-image-preview:large","max-video-preview":"max-video-preview:-1"},"canonical":"https:\/\/www.sihoo.com\/en\/es_co\/solutions\/solutions-studio\/","og_locale":"es_ES","og_type":"article","og_title":"Best Executive Office Chair | Ergonomic Task Chair \u2013 SIHOO","og_description":"Transform your art or design studio with SIHOO\u2019s ergonomic task chairs. Combining comfort, flexibility, and creative energy for every workspace.","og_url":"https:\/\/www.sihoo.com\/en\/es_co\/solutions\/solutions-studio\/","og_site_name":"Sihoo-Focus on office and home ergonomic furniture\/ chair solution","article_modified_time":"2025-10-15T07:34:34+00:00","og_image":[{"width":759,"height":1024,"url":"https:\/\/www.sihoo.com\/en\/wp-content\/uploads\/2024\/04\/solutions-studio-759x1024-1.webp","type":"image\/webp"}],"twitter_card":"summary_large_image","twitter_misc":{"Tiempo de lectura":"1 minuto"},"schema":{"@context":"https:\/\/schema.org","@graph":[{"@type":"WebPage","@id":"https:\/\/www.sihoo.com\/en\/solutions\/solutions-studio\/","url":"https:\/\/www.sihoo.com\/en\/solutions\/solutions-studio\/","name":"Best Executive Office Chair | Ergonomic Task Chair \u2013 SIHOO","isPartOf":{"@id":"https:\/\/www.sihoo.com\/en\/#website"},"primaryImageOfPage":{"@id":"https:\/\/www.sihoo.com\/en\/solutions\/solutions-studio\/#primaryimage"},"image":{"@id":"https:\/\/www.sihoo.com\/en\/solutions\/solutions-studio\/#primaryimage"},"thumbnailUrl":"https:\/\/www.sihoo.com\/en\/wp-content\/uploads\/2024\/04\/solutions-studio-759x1024-1.webp","datePublished":"2024-01-02T08:58:01+00:00","dateModified":"2025-10-15T07:34:34+00:00","description":"Transform your art or design studio with SIHOO\u2019s ergonomic task chairs. Combining comfort, flexibility, and creative energy for every workspace.","breadcrumb":{"@id":"https:\/\/www.sihoo.com\/en\/solutions\/solutions-studio\/#breadcrumb"},"inLanguage":"es-CO","potentialAction":[{"@type":"ReadAction","target":["https:\/\/www.sihoo.com\/en\/solutions\/solutions-studio\/"]}]},{"@type":"ImageObject","inLanguage":"es-CO","@id":"https:\/\/www.sihoo.com\/en\/solutions\/solutions-studio\/#primaryimage","url":"https:\/\/www.sihoo.com\/en\/wp-content\/uploads\/2024\/04\/solutions-studio-759x1024-1.webp","contentUrl":"https:\/\/www.sihoo.com\/en\/wp-content\/uploads\/2024\/04\/solutions-studio-759x1024-1.webp","width":759,"height":1024},{"@type":"BreadcrumbList","@id":"https:\/\/www.sihoo.com\/en\/solutions\/solutions-studio\/#breadcrumb","itemListElement":[{"@type":"ListItem","position":1,"name":"Solutions","item":"https:\/\/www.sihoo.com\/en\/solutions\/"},{"@type":"ListItem","position":2,"name":"Solutions &#8211; Studio"}]},{"@type":"WebSite","@id":"https:\/\/www.sihoo.com\/en\/#website","url":"https:\/\/www.sihoo.com\/en\/","name":"Sihoo: soluciones ergon\u00f3micas para muebles y sillas de oficina y hogar.","description":"Sihoo es un fabricante profesional l\u00edder de muebles ergon\u00f3micos con un instituto de investigaci\u00f3n certificado y un avanzado laboratorio de dise\u00f1o. Colaboramos con nuestros clientes para ayudar a mejorar la vida y la salud de las personas a trav\u00e9s de innovaciones significativas en el \u00e1mbito de los muebles ergon\u00f3micos para la oficina y el hogar.","potentialAction":[{"@type":"SearchAction","target":{"@type":"EntryPoint","urlTemplate":"https:\/\/www.sihoo.com\/en\/?s={search_term_string}"},"query-input":{"@type":"PropertyValueSpecification","valueRequired":true,"valueName":"search_term_string"}}],"inLanguage":"es-CO"}]}},"_links":{"self":[{"href":"https:\/\/www.sihoo.com\/en\/es_co\/wp-json\/wp\/v2\/pages\/150","targetHints":{"allow":["GET"]}}],"collection":[{"href":"https:\/\/www.sihoo.com\/en\/es_co\/wp-json\/wp\/v2\/pages"}],"about":[{"href":"https:\/\/www.sihoo.com\/en\/es_co\/wp-json\/wp\/v2\/types\/page"}],"author":[{"embeddable":true,"href":"https:\/\/www.sihoo.com\/en\/es_co\/wp-json\/wp\/v2\/users\/1"}],"replies":[{"embeddable":true,"href":"https:\/\/www.sihoo.com\/en\/es_co\/wp-json\/wp\/v2\/comments?post=150"}],"version-history":[{"count":4,"href":"https:\/\/www.sihoo.com\/en\/es_co\/wp-json\/wp\/v2\/pages\/150\/revisions"}],"predecessor-version":[{"id":3495,"href":"https:\/\/www.sihoo.com\/en\/es_co\/wp-json\/wp\/v2\/pages\/150\/revisions\/3495"}],"up":[{"embeddable":true,"href":"https:\/\/www.sihoo.com\/en\/es_co\/wp-json\/wp\/v2\/pages\/254"}],"wp:featuredmedia":[{"embeddable":true,"href":"https:\/\/www.sihoo.com\/en\/es_co\/wp-json\/wp\/v2\/media\/1230"}],"wp:attachment":[{"href":"https:\/\/www.sihoo.com\/en\/es_co\/wp-json\/wp\/v2\/media?parent=150"}],"curies":[{"name":"wp","href":"https:\/\/api.w.org\/{rel}","templated":true}]}}