{"id":144,"date":"2024-01-02T16:58:01","date_gmt":"2024-01-02T08:58:01","guid":{"rendered":"http:\/\/xjgjwp123.com\/about-us-4\/"},"modified":"2024-12-12T20:20:05","modified_gmt":"2024-12-12T12:20:05","slug":"sitting-sense-technology","status":"publish","type":"page","link":"https:\/\/www.sihoo.com\/en\/es_co\/core-technologies\/sitting-sense-technology\/","title":{"rendered":"Tecnolog\u00eda Sitting Sense"},"content":{"rendered":"","protected":false},"excerpt":{"rendered":"","protected":false},"author":1,"featured_media":0,"parent":256,"menu_order":11,"comment_status":"closed","ping_status":"closed","template":"","meta":{"_monsterinsights_skip_tracking":false,"_monsterinsights_sitenote_active":false,"_monsterinsights_sitenote_note":"","_monsterinsights_sitenote_category":0,"footnotes":""},"class_list":["post-144","page","type-page","status-publish","hentry"],"acf":[],"yoast_head":"<!-- This site is optimized with the Yoast SEO plugin v25.9 - https:\/\/yoast.com\/wordpress\/plugins\/seo\/ -->\n<title>Sitting Sense Technology- comfy computer chair-computer chair<\/title>\n<meta name=\"description\" content=\"Sitting technology focuses on enhancing comfort and well-being through innovative solutions. comfy computer chair\" \/>\n<meta name=\"robots\" content=\"index, follow, max-snippet:-1, max-image-preview:large, max-video-preview:-1\" \/>\n<link rel=\"canonical\" href=\"https:\/\/www.sihoo.com\/en\/es_co\/core-technologies\/sitting-sense-technology\/\" \/>\n<meta property=\"og:locale\" content=\"es_ES\" \/>\n<meta property=\"og:type\" content=\"article\" \/>\n<meta property=\"og:title\" content=\"Sitting Sense Technology- comfy computer chair-computer chair\" \/>\n<meta property=\"og:description\" content=\"Sitting technology focuses on enhancing comfort and well-being through innovative solutions. comfy computer chair\" \/>\n<meta property=\"og:url\" content=\"https:\/\/www.sihoo.com\/en\/es_co\/core-technologies\/sitting-sense-technology\/\" \/>\n<meta property=\"og:site_name\" content=\"Sihoo-Focus on office and home ergonomic furniture\/ chair solution\" \/>\n<meta property=\"article:modified_time\" content=\"2024-12-12T12:20:05+00:00\" \/>\n<meta name=\"twitter:card\" content=\"summary_large_image\" \/>\n<script type=\"application\/ld+json\" class=\"yoast-schema-graph\">{\"@context\":\"https:\/\/schema.org\",\"@graph\":[{\"@type\":\"WebPage\",\"@id\":\"https:\/\/www.sihoo.com\/en\/core-technologies\/sitting-sense-technology\/\",\"url\":\"https:\/\/www.sihoo.com\/en\/core-technologies\/sitting-sense-technology\/\",\"name\":\"Sitting Sense Technology- comfy computer chair-computer chair\",\"isPartOf\":{\"@id\":\"https:\/\/www.sihoo.com\/en\/#website\"},\"datePublished\":\"2024-01-02T08:58:01+00:00\",\"dateModified\":\"2024-12-12T12:20:05+00:00\",\"description\":\"Sitting technology focuses on enhancing comfort and well-being through innovative solutions. comfy computer chair\",\"breadcrumb\":{\"@id\":\"https:\/\/www.sihoo.com\/en\/core-technologies\/sitting-sense-technology\/#breadcrumb\"},\"inLanguage\":\"es-CO\",\"potentialAction\":[{\"@type\":\"ReadAction\",\"target\":[\"https:\/\/www.sihoo.com\/en\/core-technologies\/sitting-sense-technology\/\"]}]},{\"@type\":\"BreadcrumbList\",\"@id\":\"https:\/\/www.sihoo.com\/en\/core-technologies\/sitting-sense-technology\/#breadcrumb\",\"itemListElement\":[{\"@type\":\"ListItem\",\"position\":1,\"name\":\"Core Technologies\",\"item\":\"https:\/\/www.sihoo.com\/en\/core-technologies\/\"},{\"@type\":\"ListItem\",\"position\":2,\"name\":\"Sitting Sense Technology\"}]},{\"@type\":\"WebSite\",\"@id\":\"https:\/\/www.sihoo.com\/en\/#website\",\"url\":\"https:\/\/www.sihoo.com\/en\/\",\"name\":\"Sihoo-Focus on office and home ergonomic furniture\/ chair solution\",\"description\":\"Sihoo is a leading professional manufacturer of ergonomic furniture with certificated research institute and advanced DesignLab. We partner with our clients to help improve people&#039;s lives and health through meaningful innovation in the areas of office and home ergonomic  furniture\",\"potentialAction\":[{\"@type\":\"SearchAction\",\"target\":{\"@type\":\"EntryPoint\",\"urlTemplate\":\"https:\/\/www.sihoo.com\/en\/?s={search_term_string}\"},\"query-input\":{\"@type\":\"PropertyValueSpecification\",\"valueRequired\":true,\"valueName\":\"search_term_string\"}}],\"inLanguage\":\"es-CO\"}]}<\/script>\n<!-- \/ Yoast SEO plugin. -->","yoast_head_json":{"title":"Sitting Sense Technology- comfy computer chair-computer chair","description":"Sitting technology focuses on enhancing comfort and well-being through innovative solutions. comfy computer chair","robots":{"index":"index","follow":"follow","max-snippet":"max-snippet:-1","max-image-preview":"max-image-preview:large","max-video-preview":"max-video-preview:-1"},"canonical":"https:\/\/www.sihoo.com\/en\/es_co\/core-technologies\/sitting-sense-technology\/","og_locale":"es_ES","og_type":"article","og_title":"Sitting Sense Technology- comfy computer chair-computer chair","og_description":"Sitting technology focuses on enhancing comfort and well-being through innovative solutions. comfy computer chair","og_url":"https:\/\/www.sihoo.com\/en\/es_co\/core-technologies\/sitting-sense-technology\/","og_site_name":"Sihoo-Focus on office and home ergonomic furniture\/ chair solution","article_modified_time":"2024-12-12T12:20:05+00:00","twitter_card":"summary_large_image","schema":{"@context":"https:\/\/schema.org","@graph":[{"@type":"WebPage","@id":"https:\/\/www.sihoo.com\/en\/core-technologies\/sitting-sense-technology\/","url":"https:\/\/www.sihoo.com\/en\/core-technologies\/sitting-sense-technology\/","name":"Sitting Sense Technology- comfy computer chair-computer chair","isPartOf":{"@id":"https:\/\/www.sihoo.com\/en\/#website"},"datePublished":"2024-01-02T08:58:01+00:00","dateModified":"2024-12-12T12:20:05+00:00","description":"Sitting technology focuses on enhancing comfort and well-being through innovative solutions. comfy computer chair","breadcrumb":{"@id":"https:\/\/www.sihoo.com\/en\/core-technologies\/sitting-sense-technology\/#breadcrumb"},"inLanguage":"es-CO","potentialAction":[{"@type":"ReadAction","target":["https:\/\/www.sihoo.com\/en\/core-technologies\/sitting-sense-technology\/"]}]},{"@type":"BreadcrumbList","@id":"https:\/\/www.sihoo.com\/en\/core-technologies\/sitting-sense-technology\/#breadcrumb","itemListElement":[{"@type":"ListItem","position":1,"name":"Core Technologies","item":"https:\/\/www.sihoo.com\/en\/core-technologies\/"},{"@type":"ListItem","position":2,"name":"Sitting Sense Technology"}]},{"@type":"WebSite","@id":"https:\/\/www.sihoo.com\/en\/#website","url":"https:\/\/www.sihoo.com\/en\/","name":"Sihoo: soluciones ergon\u00f3micas para muebles y sillas de oficina y hogar.","description":"Sihoo es un fabricante profesional l\u00edder de muebles ergon\u00f3micos con un instituto de investigaci\u00f3n certificado y un avanzado laboratorio de dise\u00f1o. Colaboramos con nuestros clientes para ayudar a mejorar la vida y la salud de las personas a trav\u00e9s de innovaciones significativas en el \u00e1mbito de los muebles ergon\u00f3micos para la oficina y el hogar.","potentialAction":[{"@type":"SearchAction","target":{"@type":"EntryPoint","urlTemplate":"https:\/\/www.sihoo.com\/en\/?s={search_term_string}"},"query-input":{"@type":"PropertyValueSpecification","valueRequired":true,"valueName":"search_term_string"}}],"inLanguage":"es-CO"}]}},"_links":{"self":[{"href":"https:\/\/www.sihoo.com\/en\/es_co\/wp-json\/wp\/v2\/pages\/144","targetHints":{"allow":["GET"]}}],"collection":[{"href":"https:\/\/www.sihoo.com\/en\/es_co\/wp-json\/wp\/v2\/pages"}],"about":[{"href":"https:\/\/www.sihoo.com\/en\/es_co\/wp-json\/wp\/v2\/types\/page"}],"author":[{"embeddable":true,"href":"https:\/\/www.sihoo.com\/en\/es_co\/wp-json\/wp\/v2\/users\/1"}],"replies":[{"embeddable":true,"href":"https:\/\/www.sihoo.com\/en\/es_co\/wp-json\/wp\/v2\/comments?post=144"}],"version-history":[{"count":4,"href":"https:\/\/www.sihoo.com\/en\/es_co\/wp-json\/wp\/v2\/pages\/144\/revisions"}],"predecessor-version":[{"id":3480,"href":"https:\/\/www.sihoo.com\/en\/es_co\/wp-json\/wp\/v2\/pages\/144\/revisions\/3480"}],"up":[{"embeddable":true,"href":"https:\/\/www.sihoo.com\/en\/es_co\/wp-json\/wp\/v2\/pages\/256"}],"wp:attachment":[{"href":"https:\/\/www.sihoo.com\/en\/es_co\/wp-json\/wp\/v2\/media?parent=144"}],"curies":[{"name":"wp","href":"https:\/\/api.w.org\/{rel}","templated":true}]}}