{"id":148,"date":"2024-01-02T16:58:01","date_gmt":"2024-01-02T08:58:01","guid":{"rendered":"http:\/\/xjgjwp123.com\/about-us-8\/"},"modified":"2025-03-11T18:14:04","modified_gmt":"2025-03-11T10:14:04","slug":"social-responsibility","status":"publish","type":"page","link":"https:\/\/www.sihoo.com\/en\/es_cl\/por-que-sihoo\/social-responsibility\/","title":{"rendered":"Responsabilidad social"},"content":{"rendered":"","protected":false},"excerpt":{"rendered":"","protected":false},"author":1,"featured_media":0,"parent":260,"menu_order":4,"comment_status":"closed","ping_status":"closed","template":"","meta":{"_monsterinsights_skip_tracking":false,"_monsterinsights_sitenote_active":false,"_monsterinsights_sitenote_note":"","_monsterinsights_sitenote_category":0,"footnotes":""},"class_list":["post-148","page","type-page","status-publish","hentry"],"acf":[],"yoast_head":"<!-- This site is optimized with the Yoast SEO plugin v25.9 - https:\/\/yoast.com\/wordpress\/plugins\/seo\/ -->\n<title>Social Responsibility best ergonomic office chair-SIHOO<\/title>\n<meta name=\"description\" content=\"Sihoo has dedicated over a decade of focus on advancing best ergonomic home office chair,human-centric seating technology and promotig\" \/>\n<meta name=\"robots\" content=\"index, follow, max-snippet:-1, max-image-preview:large, max-video-preview:-1\" \/>\n<link rel=\"canonical\" href=\"https:\/\/www.sihoo.com\/en\/es_cl\/por-que-sihoo\/social-responsibility\/\" \/>\n<meta property=\"og:locale\" content=\"es_ES\" \/>\n<meta property=\"og:type\" content=\"article\" \/>\n<meta property=\"og:title\" content=\"Social Responsibility best ergonomic office chair-SIHOO\" \/>\n<meta property=\"og:description\" content=\"Sihoo has dedicated over a decade of focus on advancing best ergonomic home office chair,human-centric seating technology and promotig\" \/>\n<meta property=\"og:url\" content=\"https:\/\/www.sihoo.com\/en\/es_cl\/por-que-sihoo\/social-responsibility\/\" \/>\n<meta property=\"og:site_name\" content=\"Sihoo-Focus on office and home ergonomic furniture\/ chair solution\" \/>\n<meta property=\"article:modified_time\" content=\"2025-03-11T10:14:04+00:00\" \/>\n<meta name=\"twitter:card\" content=\"summary_large_image\" \/>\n<script type=\"application\/ld+json\" class=\"yoast-schema-graph\">{\"@context\":\"https:\/\/schema.org\",\"@graph\":[{\"@type\":\"WebPage\",\"@id\":\"https:\/\/www.sihoo.com\/en\/why-sihoo\/social-responsibility\/\",\"url\":\"https:\/\/www.sihoo.com\/en\/why-sihoo\/social-responsibility\/\",\"name\":\"Social Responsibility best ergonomic office chair-SIHOO\",\"isPartOf\":{\"@id\":\"https:\/\/www.sihoo.com\/en\/#website\"},\"datePublished\":\"2024-01-02T08:58:01+00:00\",\"dateModified\":\"2025-03-11T10:14:04+00:00\",\"description\":\"Sihoo has dedicated over a decade of focus on advancing best ergonomic home office chair,human-centric seating technology and promotig\",\"breadcrumb\":{\"@id\":\"https:\/\/www.sihoo.com\/en\/why-sihoo\/social-responsibility\/#breadcrumb\"},\"inLanguage\":\"es-CL\",\"potentialAction\":[{\"@type\":\"ReadAction\",\"target\":[\"https:\/\/www.sihoo.com\/en\/why-sihoo\/social-responsibility\/\"]}]},{\"@type\":\"BreadcrumbList\",\"@id\":\"https:\/\/www.sihoo.com\/en\/why-sihoo\/social-responsibility\/#breadcrumb\",\"itemListElement\":[{\"@type\":\"ListItem\",\"position\":1,\"name\":\"Why Sihoo\",\"item\":\"https:\/\/www.sihoo.com\/en\/why-sihoo\/\"},{\"@type\":\"ListItem\",\"position\":2,\"name\":\"Social Responsibility\"}]},{\"@type\":\"WebSite\",\"@id\":\"https:\/\/www.sihoo.com\/en\/#website\",\"url\":\"https:\/\/www.sihoo.com\/en\/\",\"name\":\"Sihoo-Focus on office and home ergonomic furniture\/ chair solution\",\"description\":\"Sihoo is a leading professional manufacturer of ergonomic furniture with certificated research institute and advanced DesignLab. We partner with our clients to help improve people&#039;s lives and health through meaningful innovation in the areas of office and home ergonomic  furniture\",\"potentialAction\":[{\"@type\":\"SearchAction\",\"target\":{\"@type\":\"EntryPoint\",\"urlTemplate\":\"https:\/\/www.sihoo.com\/en\/?s={search_term_string}\"},\"query-input\":{\"@type\":\"PropertyValueSpecification\",\"valueRequired\":true,\"valueName\":\"search_term_string\"}}],\"inLanguage\":\"es-CL\"}]}<\/script>\n<!-- \/ Yoast SEO plugin. -->","yoast_head_json":{"title":"Social Responsibility best ergonomic office chair-SIHOO","description":"Sihoo has dedicated over a decade of focus on advancing best ergonomic home office chair,human-centric seating technology and promotig","robots":{"index":"index","follow":"follow","max-snippet":"max-snippet:-1","max-image-preview":"max-image-preview:large","max-video-preview":"max-video-preview:-1"},"canonical":"https:\/\/www.sihoo.com\/en\/es_cl\/por-que-sihoo\/social-responsibility\/","og_locale":"es_ES","og_type":"article","og_title":"Social Responsibility best ergonomic office chair-SIHOO","og_description":"Sihoo has dedicated over a decade of focus on advancing best ergonomic home office chair,human-centric seating technology and promotig","og_url":"https:\/\/www.sihoo.com\/en\/es_cl\/por-que-sihoo\/social-responsibility\/","og_site_name":"Sihoo-Focus on office and home ergonomic furniture\/ chair solution","article_modified_time":"2025-03-11T10:14:04+00:00","twitter_card":"summary_large_image","schema":{"@context":"https:\/\/schema.org","@graph":[{"@type":"WebPage","@id":"https:\/\/www.sihoo.com\/en\/why-sihoo\/social-responsibility\/","url":"https:\/\/www.sihoo.com\/en\/why-sihoo\/social-responsibility\/","name":"Social Responsibility best ergonomic office chair-SIHOO","isPartOf":{"@id":"https:\/\/www.sihoo.com\/en\/#website"},"datePublished":"2024-01-02T08:58:01+00:00","dateModified":"2025-03-11T10:14:04+00:00","description":"Sihoo has dedicated over a decade of focus on advancing best ergonomic home office chair,human-centric seating technology and promotig","breadcrumb":{"@id":"https:\/\/www.sihoo.com\/en\/why-sihoo\/social-responsibility\/#breadcrumb"},"inLanguage":"es-CL","potentialAction":[{"@type":"ReadAction","target":["https:\/\/www.sihoo.com\/en\/why-sihoo\/social-responsibility\/"]}]},{"@type":"BreadcrumbList","@id":"https:\/\/www.sihoo.com\/en\/why-sihoo\/social-responsibility\/#breadcrumb","itemListElement":[{"@type":"ListItem","position":1,"name":"Why Sihoo","item":"https:\/\/www.sihoo.com\/en\/why-sihoo\/"},{"@type":"ListItem","position":2,"name":"Social Responsibility"}]},{"@type":"WebSite","@id":"https:\/\/www.sihoo.com\/en\/#website","url":"https:\/\/www.sihoo.com\/en\/","name":"Sihoo: soluciones ergon\u00f3micas para muebles y sillas de oficina y hogar.","description":"Sihoo es un fabricante profesional l\u00edder de muebles ergon\u00f3micos con un instituto de investigaci\u00f3n certificado y un avanzado laboratorio de dise\u00f1o. Colaboramos con nuestros clientes para ayudar a mejorar la vida y la salud de las personas a trav\u00e9s de innovaciones significativas en el \u00e1mbito de los muebles ergon\u00f3micos para la oficina y el hogar.","potentialAction":[{"@type":"SearchAction","target":{"@type":"EntryPoint","urlTemplate":"https:\/\/www.sihoo.com\/en\/?s={search_term_string}"},"query-input":{"@type":"PropertyValueSpecification","valueRequired":true,"valueName":"search_term_string"}}],"inLanguage":"es-CL"}]}},"_links":{"self":[{"href":"https:\/\/www.sihoo.com\/en\/es_cl\/wp-json\/wp\/v2\/pages\/148","targetHints":{"allow":["GET"]}}],"collection":[{"href":"https:\/\/www.sihoo.com\/en\/es_cl\/wp-json\/wp\/v2\/pages"}],"about":[{"href":"https:\/\/www.sihoo.com\/en\/es_cl\/wp-json\/wp\/v2\/types\/page"}],"author":[{"embeddable":true,"href":"https:\/\/www.sihoo.com\/en\/es_cl\/wp-json\/wp\/v2\/users\/1"}],"replies":[{"embeddable":true,"href":"https:\/\/www.sihoo.com\/en\/es_cl\/wp-json\/wp\/v2\/comments?post=148"}],"version-history":[{"count":5,"href":"https:\/\/www.sihoo.com\/en\/es_cl\/wp-json\/wp\/v2\/pages\/148\/revisions"}],"predecessor-version":[{"id":3780,"href":"https:\/\/www.sihoo.com\/en\/es_cl\/wp-json\/wp\/v2\/pages\/148\/revisions\/3780"}],"up":[{"embeddable":true,"href":"https:\/\/www.sihoo.com\/en\/es_cl\/wp-json\/wp\/v2\/pages\/260"}],"wp:attachment":[{"href":"https:\/\/www.sihoo.com\/en\/es_cl\/wp-json\/wp\/v2\/media?parent=148"}],"curies":[{"name":"wp","href":"https:\/\/api.w.org\/{rel}","templated":true}]}}