{"id":5055,"date":"2026-03-18T17:46:53","date_gmt":"2026-03-18T09:46:53","guid":{"rendered":"https:\/\/www.sihoo.com\/en\/arab-2\/"},"modified":"2026-03-18T17:47:29","modified_gmt":"2026-03-18T09:47:29","slug":"russia","status":"publish","type":"page","link":"https:\/\/www.sihoo.com\/en\/es\/russia\/","title":{"rendered":"Russia"},"content":{"rendered":"<p><img loading=\"lazy\" decoding=\"async\" class=\"alignnone size-full wp-image-4640\" src=\"https:\/\/www.sihoo.com\/en\/wp-content\/uploads\/2025\/12\/\u6b63\u786e\u63d0\u793a_\u586b\u5145-2.webp\" alt=\"\" width=\"200\" height=\"200\" srcset=\"https:\/\/www.sihoo.com\/en\/wp-content\/uploads\/2025\/12\/\u6b63\u786e\u63d0\u793a_\u586b\u5145-2.webp 200w, https:\/\/www.sihoo.com\/en\/wp-content\/uploads\/2025\/12\/\u6b63\u786e\u63d0\u793a_\u586b\u5145-2-12x12.webp 12w\" sizes=\"auto, (max-width: 200px) 100vw, 200px\" \/><\/p>\n\n\n<p><\/p>","protected":false},"excerpt":{"rendered":"","protected":false},"author":2,"featured_media":0,"parent":0,"menu_order":26,"comment_status":"open","ping_status":"closed","template":"","meta":{"_monsterinsights_skip_tracking":false,"_monsterinsights_sitenote_active":false,"_monsterinsights_sitenote_note":"","_monsterinsights_sitenote_category":0,"footnotes":""},"class_list":["post-5055","page","type-page","status-publish","hentry"],"acf":[],"yoast_head":"<!-- This site is optimized with the Yoast SEO plugin v25.9 - https:\/\/yoast.com\/wordpress\/plugins\/seo\/ -->\n<title>Russia -SIHOO<\/title>\n<meta name=\"robots\" content=\"index, follow, max-snippet:-1, max-image-preview:large, max-video-preview:-1\" \/>\n<link rel=\"canonical\" href=\"https:\/\/www.sihoo.com\/en\/es\/russia\/\" \/>\n<meta property=\"og:locale\" content=\"es_ES\" \/>\n<meta property=\"og:type\" content=\"article\" \/>\n<meta property=\"og:title\" content=\"Russia -SIHOO\" \/>\n<meta property=\"og:url\" content=\"https:\/\/www.sihoo.com\/en\/es\/russia\/\" \/>\n<meta property=\"og:site_name\" content=\"Sihoo-Focus on office and home ergonomic furniture\/ chair solution\" \/>\n<meta property=\"article:modified_time\" content=\"2026-03-18T09:47:29+00:00\" \/>\n<meta name=\"twitter:card\" content=\"summary_large_image\" \/>\n<meta name=\"twitter:label1\" content=\"Tiempo de lectura\" \/>\n\t<meta name=\"twitter:data1\" content=\"1 minuto\" \/>\n<script type=\"application\/ld+json\" class=\"yoast-schema-graph\">{\"@context\":\"https:\/\/schema.org\",\"@graph\":[{\"@type\":\"WebPage\",\"@id\":\"https:\/\/www.sihoo.com\/en\/russia\/\",\"url\":\"https:\/\/www.sihoo.com\/en\/russia\/\",\"name\":\"Russia -SIHOO\",\"isPartOf\":{\"@id\":\"https:\/\/www.sihoo.com\/en\/#website\"},\"datePublished\":\"2026-03-18T09:46:53+00:00\",\"dateModified\":\"2026-03-18T09:47:29+00:00\",\"inLanguage\":\"es-AR\",\"potentialAction\":[{\"@type\":\"ReadAction\",\"target\":[\"https:\/\/www.sihoo.com\/en\/russia\/\"]}]},{\"@type\":\"WebSite\",\"@id\":\"https:\/\/www.sihoo.com\/en\/#website\",\"url\":\"https:\/\/www.sihoo.com\/en\/\",\"name\":\"Sihoo-Focus on office and home ergonomic furniture\/ chair solution\",\"description\":\"Sihoo is a leading professional manufacturer of ergonomic furniture with certificated research institute and advanced DesignLab. We partner with our clients to help improve people&#039;s lives and health through meaningful innovation in the areas of office and home ergonomic  furniture\",\"potentialAction\":[{\"@type\":\"SearchAction\",\"target\":{\"@type\":\"EntryPoint\",\"urlTemplate\":\"https:\/\/www.sihoo.com\/en\/?s={search_term_string}\"},\"query-input\":{\"@type\":\"PropertyValueSpecification\",\"valueRequired\":true,\"valueName\":\"search_term_string\"}}],\"inLanguage\":\"es-AR\"}]}<\/script>\n<!-- \/ Yoast SEO plugin. -->","yoast_head_json":{"title":"Russia -SIHOO","robots":{"index":"index","follow":"follow","max-snippet":"max-snippet:-1","max-image-preview":"max-image-preview:large","max-video-preview":"max-video-preview:-1"},"canonical":"https:\/\/www.sihoo.com\/en\/es\/russia\/","og_locale":"es_ES","og_type":"article","og_title":"Russia -SIHOO","og_url":"https:\/\/www.sihoo.com\/en\/es\/russia\/","og_site_name":"Sihoo-Focus on office and home ergonomic furniture\/ chair solution","article_modified_time":"2026-03-18T09:47:29+00:00","twitter_card":"summary_large_image","twitter_misc":{"Tiempo de lectura":"1 minuto"},"schema":{"@context":"https:\/\/schema.org","@graph":[{"@type":"WebPage","@id":"https:\/\/www.sihoo.com\/en\/russia\/","url":"https:\/\/www.sihoo.com\/en\/russia\/","name":"Russia -SIHOO","isPartOf":{"@id":"https:\/\/www.sihoo.com\/en\/#website"},"datePublished":"2026-03-18T09:46:53+00:00","dateModified":"2026-03-18T09:47:29+00:00","inLanguage":"es-AR","potentialAction":[{"@type":"ReadAction","target":["https:\/\/www.sihoo.com\/en\/russia\/"]}]},{"@type":"WebSite","@id":"https:\/\/www.sihoo.com\/en\/#website","url":"https:\/\/www.sihoo.com\/en\/","name":"Sihoo: soluciones ergon\u00f3micas para muebles y sillas de oficina y hogar.","description":"Sihoo es un fabricante profesional l\u00edder de muebles ergon\u00f3micos con un instituto de investigaci\u00f3n certificado y un avanzado laboratorio de dise\u00f1o. Colaboramos con nuestros clientes para ayudar a mejorar la vida y la salud de las personas a trav\u00e9s de innovaciones significativas en el \u00e1mbito de los muebles ergon\u00f3micos para la oficina y el hogar.","potentialAction":[{"@type":"SearchAction","target":{"@type":"EntryPoint","urlTemplate":"https:\/\/www.sihoo.com\/en\/?s={search_term_string}"},"query-input":{"@type":"PropertyValueSpecification","valueRequired":true,"valueName":"search_term_string"}}],"inLanguage":"es-AR"}]}},"_links":{"self":[{"href":"https:\/\/www.sihoo.com\/en\/es\/wp-json\/wp\/v2\/pages\/5055","targetHints":{"allow":["GET"]}}],"collection":[{"href":"https:\/\/www.sihoo.com\/en\/es\/wp-json\/wp\/v2\/pages"}],"about":[{"href":"https:\/\/www.sihoo.com\/en\/es\/wp-json\/wp\/v2\/types\/page"}],"author":[{"embeddable":true,"href":"https:\/\/www.sihoo.com\/en\/es\/wp-json\/wp\/v2\/users\/2"}],"replies":[{"embeddable":true,"href":"https:\/\/www.sihoo.com\/en\/es\/wp-json\/wp\/v2\/comments?post=5055"}],"version-history":[{"count":1,"href":"https:\/\/www.sihoo.com\/en\/es\/wp-json\/wp\/v2\/pages\/5055\/revisions"}],"predecessor-version":[{"id":5056,"href":"https:\/\/www.sihoo.com\/en\/es\/wp-json\/wp\/v2\/pages\/5055\/revisions\/5056"}],"wp:attachment":[{"href":"https:\/\/www.sihoo.com\/en\/es\/wp-json\/wp\/v2\/media?parent=5055"}],"curies":[{"name":"wp","href":"https:\/\/api.w.org\/{rel}","templated":true}]}}